{"id":6083,"date":"2023-05-26T15:56:20","date_gmt":"2023-05-26T15:56:20","guid":{"rendered":"https:\/\/fusis.pt\/?page_id=6083"},"modified":"2023-05-26T15:59:06","modified_gmt":"2023-05-26T15:59:06","slug":"politica-de-privacidade","status":"publish","type":"page","link":"https:\/\/fusis.pt\/?page_id=6083","title":{"rendered":"Pol\u00edtica de Privacidade"},"content":{"rendered":"[vc_row type=&#8221;full_width_content&#8221; full_screen_row_position=&#8221;middle&#8221; column_margin=&#8221;default&#8221; column_direction=&#8221;default&#8221; column_direction_tablet=&#8221;default&#8221; column_direction_phone=&#8221;default&#8221; bg_image=&#8221;5866&#8243; bg_position=&#8221;center center&#8221; background_image_loading=&#8221;default&#8221; bg_repeat=&#8221;no-repeat&#8221; scene_position=&#8221;center&#8221; top_padding=&#8221;14%&#8221; bottom_padding=&#8221;12%&#8221; text_color=&#8221;light&#8221; text_align=&#8221;left&#8221; row_border_radius=&#8221;none&#8221; row_border_radius_applies=&#8221;bg&#8221; overflow=&#8221;visible&#8221; color_overlay=&#8221;rgba(10,10,10,0.8)&#8221; overlay_strength=&#8221;0.3&#8243; gradient_direction=&#8221;left_to_right&#8221; shape_divider_position=&#8221;bottom&#8221; bg_image_animation=&#8221;none&#8221; parallax_bg=&#8221;true&#8221; parallax_bg_speed=&#8221;fast&#8221; shape_type=&#8221;&#8221; gradient_type=&#8221;default&#8221;][vc_column column_padding=&#8221;padding-3-percent&#8221; column_padding_tablet=&#8221;inherit&#8221; column_padding_phone=&#8221;inherit&#8221; column_padding_position=&#8221;left-right&#8221; column_element_direction_desktop=&#8221;default&#8221; column_element_spacing=&#8221;default&#8221; centered_text=&#8221;true&#8221; desktop_text_alignment=&#8221;default&#8221; tablet_text_alignment=&#8221;default&#8221; phone_text_alignment=&#8221;default&#8221; background_color_opacity=&#8221;1&#8243; background_hover_color_opacity=&#8221;1&#8243; column_backdrop_filter=&#8221;none&#8221; column_shadow=&#8221;none&#8221; column_border_radius=&#8221;none&#8221; column_link_target=&#8221;_self&#8221; column_position=&#8221;default&#8221; gradient_direction=&#8221;left_to_right&#8221; overlay_strength=&#8221;0.3&#8243; width=&#8221;1\/1&#8243; tablet_width_inherit=&#8221;default&#8221; animation_type=&#8221;default&#8221; bg_image_animation=&#8221;none&#8221; border_type=&#8221;simple&#8221; column_border_width=&#8221;none&#8221; column_border_style=&#8221;solid&#8221;][vc_row_inner column_margin=&#8221;default&#8221; column_direction=&#8221;default&#8221; column_direction_tablet=&#8221;default&#8221; column_direction_phone=&#8221;default&#8221; text_align=&#8221;left&#8221; row_position=&#8221;default&#8221; row_position_tablet=&#8221;inherit&#8221; row_position_phone=&#8221;inherit&#8221; overflow=&#8221;visible&#8221; pointer_events=&#8221;all&#8221;][vc_column_inner column_padding=&#8221;no-extra-padding&#8221; column_padding_tablet=&#8221;inherit&#8221; column_padding_phone=&#8221;inherit&#8221; column_padding_position=&#8221;all&#8221; bottom_margin=&#8221;30&#8243; column_element_direction_desktop=&#8221;default&#8221; column_element_spacing=&#8221;default&#8221; desktop_text_alignment=&#8221;default&#8221; tablet_text_alignment=&#8221;default&#8221; phone_text_alignment=&#8221;default&#8221; background_color_opacity=&#8221;1&#8243; background_hover_color_opacity=&#8221;1&#8243; column_backdrop_filter=&#8221;none&#8221; column_shadow=&#8221;none&#8221; column_border_radius=&#8221;none&#8221; column_link_target=&#8221;_self&#8221; overflow=&#8221;visible&#8221; gradient_direction=&#8221;left_to_right&#8221; overlay_strength=&#8221;0.3&#8243; width=&#8221;1\/1&#8243; tablet_width_inherit=&#8221;default&#8221; animation_type=&#8221;default&#8221; enable_animation=&#8221;true&#8221; animation=&#8221;grow-in&#8221; animation_easing=&#8221;default&#8221; bg_image_animation=&#8221;none&#8221; border_type=&#8221;simple&#8221; column_border_width=&#8221;none&#8221; column_border_style=&#8221;solid&#8221;][\/vc_column_inner][\/vc_row_inner][vc_row_inner column_margin=&#8221;default&#8221; column_direction=&#8221;default&#8221; column_direction_tablet=&#8221;default&#8221; column_direction_phone=&#8221;default&#8221; bottom_padding=&#8221;30&#8243; text_align=&#8221;left&#8221; row_position=&#8221;default&#8221; row_position_tablet=&#8221;inherit&#8221; row_position_phone=&#8221;inherit&#8221; overflow=&#8221;visible&#8221; pointer_events=&#8221;all&#8221;][vc_column_inner column_padding=&#8221;no-extra-padding&#8221; column_padding_tablet=&#8221;inherit&#8221; column_padding_phone=&#8221;inherit&#8221; column_padding_position=&#8221;all&#8221; column_element_direction_desktop=&#8221;default&#8221; column_element_spacing=&#8221;default&#8221; desktop_text_alignment=&#8221;default&#8221; tablet_text_alignment=&#8221;default&#8221; phone_text_alignment=&#8221;default&#8221; background_color_opacity=&#8221;1&#8243; background_hover_color_opacity=&#8221;1&#8243; column_backdrop_filter=&#8221;none&#8221; column_shadow=&#8221;none&#8221; column_border_radius=&#8221;none&#8221; column_link_target=&#8221;_self&#8221; overflow=&#8221;visible&#8221; gradient_direction=&#8221;left_to_right&#8221; overlay_strength=&#8221;0.3&#8243; width=&#8221;1\/4&#8243; tablet_width_inherit=&#8221;default&#8221; animation_type=&#8221;default&#8221; enable_animation=&#8221;true&#8221; animation=&#8221;fade-in-from-bottom&#8221; animation_easing=&#8221;default&#8221; bg_image_animation=&#8221;none&#8221; border_type=&#8221;simple&#8221; column_border_width=&#8221;none&#8221; column_border_style=&#8221;solid&#8221; delay=&#8221;100&#8243;][\/vc_column_inner][vc_column_inner column_padding=&#8221;no-extra-padding&#8221; column_padding_tablet=&#8221;inherit&#8221; column_padding_phone=&#8221;inherit&#8221; column_padding_position=&#8221;all&#8221; column_element_direction_desktop=&#8221;default&#8221; column_element_spacing=&#8221;default&#8221; desktop_text_alignment=&#8221;default&#8221; tablet_text_alignment=&#8221;default&#8221; phone_text_alignment=&#8221;default&#8221; background_color_opacity=&#8221;1&#8243; background_hover_color_opacity=&#8221;1&#8243; column_backdrop_filter=&#8221;none&#8221; column_shadow=&#8221;none&#8221; column_border_radius=&#8221;none&#8221; column_link_target=&#8221;_self&#8221; overflow=&#8221;visible&#8221; gradient_direction=&#8221;left_to_right&#8221; overlay_strength=&#8221;0.3&#8243; width=&#8221;1\/2&#8243; tablet_width_inherit=&#8221;default&#8221; animation_type=&#8221;default&#8221; bg_image_animation=&#8221;none&#8221; border_type=&#8221;simple&#8221; column_border_width=&#8221;none&#8221; column_border_style=&#8221;solid&#8221;][\/vc_column_inner][vc_column_inner column_padding=&#8221;no-extra-padding&#8221; column_padding_tablet=&#8221;inherit&#8221; column_padding_phone=&#8221;inherit&#8221; column_padding_position=&#8221;all&#8221; column_element_direction_desktop=&#8221;default&#8221; column_element_spacing=&#8221;default&#8221; desktop_text_alignment=&#8221;default&#8221; tablet_text_alignment=&#8221;default&#8221; phone_text_alignment=&#8221;default&#8221; background_color_opacity=&#8221;1&#8243; background_hover_color_opacity=&#8221;1&#8243; column_backdrop_filter=&#8221;none&#8221; column_shadow=&#8221;none&#8221; column_border_radius=&#8221;none&#8221; column_link_target=&#8221;_self&#8221; overflow=&#8221;visible&#8221; gradient_direction=&#8221;left_to_right&#8221; overlay_strength=&#8221;0.3&#8243; width=&#8221;1\/4&#8243; tablet_width_inherit=&#8221;default&#8221; animation_type=&#8221;default&#8221; bg_image_animation=&#8221;none&#8221; border_type=&#8221;simple&#8221; column_border_width=&#8221;none&#8221; column_border_style=&#8221;solid&#8221;][\/vc_column_inner][\/vc_row_inner][\/vc_column][\/vc_row][vc_row type=&#8221;full_width_background&#8221; full_screen_row_position=&#8221;middle&#8221; column_margin=&#8221;default&#8221; column_direction=&#8221;default&#8221; column_direction_tablet=&#8221;default&#8221; column_direction_phone=&#8221;default&#8221; scene_position=&#8221;center&#8221; top_padding=&#8221;7%&#8221; bottom_padding=&#8221;7%&#8221; text_color=&#8221;dark&#8221; text_align=&#8221;left&#8221; row_border_radius=&#8221;none&#8221; row_border_radius_applies=&#8221;bg&#8221; overflow=&#8221;visible&#8221; overlay_strength=&#8221;0.3&#8243; gradient_direction=&#8221;left_to_right&#8221; shape_divider_position=&#8221;bottom&#8221; bg_image_animation=&#8221;none&#8221;][vc_column column_padding=&#8221;padding-2-percent&#8221; column_padding_tablet=&#8221;inherit&#8221; column_padding_phone=&#8221;inherit&#8221; column_padding_position=&#8221;all&#8221; column_element_direction_desktop=&#8221;default&#8221; column_element_spacing=&#8221;default&#8221; desktop_text_alignment=&#8221;default&#8221; tablet_text_alignment=&#8221;default&#8221; phone_text_alignment=&#8221;default&#8221; background_color_opacity=&#8221;1&#8243; background_hover_color_opacity=&#8221;1&#8243; column_backdrop_filter=&#8221;none&#8221; column_shadow=&#8221;none&#8221; column_border_radius=&#8221;none&#8221; column_link_target=&#8221;_self&#8221; column_position=&#8221;default&#8221; gradient_direction=&#8221;left_to_right&#8221; overlay_strength=&#8221;0.3&#8243; width=&#8221;2\/3&#8243; tablet_width_inherit=&#8221;default&#8221; animation_type=&#8221;default&#8221; bg_image_animation=&#8221;none&#8221; border_type=&#8221;simple&#8221; column_border_width=&#8221;none&#8221; column_border_style=&#8221;solid&#8221;][split_line_heading animation_type=&#8221;line-reveal-by-space&#8221; font_style=&#8221;h2&#8243; text_color=&#8221;#c3543e&#8221; line_reveal_by_space_text_effect=&#8221;default&#8221; content_alignment=&#8221;default&#8221; mobile_content_alignment=&#8221;inherit&#8221; link_target=&#8221;_self&#8221; text_content=&#8221;Pol\u00edtica de Privacidade&#8221;][\/split_line_heading][divider line_type=&#8221;No Line&#8221; custom_height=&#8221;50&#8243;][vc_column_text]Esta Pol\u00edtica de Privacidade descreve como a sua informa\u00e7\u00e3o pessoal \u00e9 recolhida, usada e partilhada ao visitar ou fazer compras em\u00a0<a href=\"https:\/\/fusis.pt\/\">https:\/\/fusis.pt\/<\/a>.<\/p>\n<p><b data-fusion-font=\"true\">A INFORMA\u00c7\u00c3O PESSOAL QUE RECOLHEMOS<\/b><\/p>\n<p>Quando visita o Site, recolhemos automaticamente certas informa\u00e7\u00f5es sobre o seu dispositivo, incluindo informa\u00e7\u00e3o sobre o seu navegador de internet, endere\u00e7o de IP, fuso hor\u00e1rio e algumas das cookies que est\u00e3o instaladas no seu dispositivo.<\/p>\n<p>Adicionalmente, enquanto navega pelo Site, recolhemos informa\u00e7\u00e3o sobre as p\u00e1ginas individuais ou os produtos que visualiza, os sites ou termos de pesquisa que o direcionaram para o Site e a informa\u00e7\u00e3o sobre como interage com o Site. Referimo-nos a esta informa\u00e7\u00e3o recolhida automaticamente como\u00a0<b>Informa\u00e7\u00e3o do Dispositivo.<\/b><\/p>\n<p>Recolhemos Informa\u00e7\u00e3o do Dispositivo usando as tecnologias seguintes:<\/p>\n<p><b>Cookies<\/b>\u00a0s\u00e3o ficheiros de dados colocados no seu dispositivo ou computador e frequentemente incluem um identificador an\u00f3nimo \u00fanico.<\/p>\n<p><b>Log files<\/b>\u00a0registam a\u00e7\u00f5es que ocorrem no Site e recolhem dados, incluindo o seu endere\u00e7o de IP, tipo de navegador, fornecedor de servi\u00e7o de internet, p\u00e1ginas de refer\u00eancia\/sa\u00edda e marcadores de data\/hora.<\/p>\n<p>Al\u00e9m disso, quando realiza uma compra ou tenta realizar uma compra atrav\u00e9s do Site, recolhemos certa informa\u00e7\u00e3o sua, incluindo o seu nome, endere\u00e7o de fatura\u00e7\u00e3o, endere\u00e7o de expedi\u00e7\u00e3o, informa\u00e7\u00e3o de pagamento (incluindo n\u00fameros de cart\u00e3o de cr\u00e9dito, mb way, entre outros).<\/p>\n<p>Por\u00a0<b>Informa\u00e7\u00e3o Pessoal<\/b>, nesta Pol\u00edtica de Privacidade, referimo-nos a Informa\u00e7\u00e3o do Dispositivo e Informa\u00e7\u00e3o da Encomenda.<\/p>\n<p data-fusion-font=\"true\"><b>COMO USAMOS A SUA INFORMA\u00c7\u00c3O PESSOAL<\/b><\/p>\n<p>Geralmente, usamos a Informa\u00e7\u00e3o da Encomenda recolhida para cumprir qualquer encomenda realizada atrav\u00e9s do Site (incluindo o processamento da sua informa\u00e7\u00e3o de pagamento, tratar da expedi\u00e7\u00e3o e fornecer-lhe as faturas e\/ou confirma\u00e7\u00f5es da encomenda).<\/p>\n<p>Adicionalmente, usamos esta Informa\u00e7\u00e3o da Encomenda para:<\/p>\n<p>Comunicar consigo<\/p>\n<p>Analisar as nossas encomendas em busca de potenciais riscos ou fraudes<\/p>\n<p>Quando alinhadas com as prefer\u00eancias que partilhou connosco, fornecer-lhe informa\u00e7\u00e3o ou publicidade relacionada com os nossos produtos ou servi\u00e7os.<\/p>\n<p>Usamos a Informa\u00e7\u00e3o de Dispositivo que recolhemos para nos ajudar a eliminar potenciais riscos e fraudes (especialmente, o seu endere\u00e7o de IP) e, mais frequentemente, para melhorar e otimizar o nosso Site.<\/p>\n<p><b data-fusion-font=\"true\">PARTILHAR A SUA INFORMA\u00c7\u00c3O PESSOAL<\/b><\/p>\n<p>Partilhamos a sua Informa\u00e7\u00e3o Pessoal com entidades terceiras que nos ajudam a usar a sua Informa\u00e7\u00e3o Pessoal, tal como descrito acima.<\/p>\n<p>Tamb\u00e9m usamos a Google Analytics para nos ajudar a perceber como os nossos clientes usam a Fusis. Como a Google usa a sua Informa\u00e7\u00e3o Pessoal.<\/p>\n<p>Finalmente, tamb\u00e9m podemos partilhar a sua Informa\u00e7\u00e3o Pessoal para cumprir leis e regulamentos aplic\u00e1veis, para responder a intima\u00e7\u00f5es, mandados de busca ou outros pedidos legais relativos a informa\u00e7\u00e3o que recebemos, ou para proteger os nossos direitos de qualquer outra forma.<\/p>\n<p data-fusion-font=\"true\"><b>PUBLICIDADE COMPORTAMENTAL<\/b><\/p>\n<p>Usamos a sua Informa\u00e7\u00e3o Pessoal para lhe fornecer an\u00fancios direcionados ou comunica\u00e7\u00f5es de marketing que acreditamos que possam ser do seu interesse.<\/p>\n<p>Facebook<\/p>\n<p>Google<\/p>\n<p>Instagram<\/p>\n<p><b data-fusion-font=\"true\">OS SEUS DIREITOS<\/b><\/p>\n<p>Se for residente na Europa, tem o direito de aceder \u00e0 informa\u00e7\u00e3o pessoal que temos sobre si e de pedir que a sua informa\u00e7\u00e3o pessoal seja corrigida, atualizada ou eliminada. Se desejar exercer este direito, por favor, contacte-nos.<\/p>\n<p>Al\u00e9m disso, se for residente na Europa, real\u00e7amos que processamos a sua informa\u00e7\u00e3o para cumprir contratos que possamos ter consigo (por exemplo, se realizar uma encomenda atrav\u00e9s do Site) ou para, de outra qualquer forma, perseguir os nossos interesses comerciais leg\u00edtimos listados acima.<\/p>\n<p>Tenha em aten\u00e7\u00e3o que a sua informa\u00e7\u00e3o ser\u00e1 transferida para fora da Europa, incluindo para o Canad\u00e1 e para os Estados Unidos.<\/p>\n<p data-fusion-font=\"true\"><b>RETEN\u00c7\u00c3O DE DADOS<\/b><\/p>\n<p>Quando realizar uma encomenda atrav\u00e9s do Site, manteremos a sua Informa\u00e7\u00e3o de Encomenda nos nossos registos, a n\u00e3o ser que nos pe\u00e7a para eliminar a informa\u00e7\u00e3o.<\/p>\n<p data-fusion-font=\"true\"><b>MENORES<\/b><\/p>\n<p>Este Site n\u00e3o se destina a menores de (18 anos de idade).<\/p>\n<p data-fusion-font=\"true\"><b>ALTERA\u00c7\u00d5ES<\/b><\/p>\n<p>Podemos atualizar esta pol\u00edtica de privacidade ocasionalmente de forma a refletir, por exemplo, mudan\u00e7as nas nossas pr\u00e1ticas ou devido a outros motivos operacionais, legais ou regulat\u00f3rios.<\/p>\n<p>Caso tenha mais quest\u00f5es e\/ou precise de mais informa\u00e7\u00e3o, n\u00e3o hesite em contactar-nos:<\/p>\n<p>geral@fusis.pt[\/vc_column_text][\/vc_column][vc_column column_padding=&#8221;padding-2-percent&#8221; column_padding_tablet=&#8221;inherit&#8221; column_padding_phone=&#8221;inherit&#8221; column_padding_position=&#8221;all&#8221; column_element_direction_desktop=&#8221;default&#8221; column_element_spacing=&#8221;default&#8221; desktop_text_alignment=&#8221;default&#8221; tablet_text_alignment=&#8221;default&#8221; phone_text_alignment=&#8221;default&#8221; background_color_opacity=&#8221;1&#8243; background_hover_color_opacity=&#8221;1&#8243; column_backdrop_filter=&#8221;none&#8221; column_shadow=&#8221;none&#8221; column_border_radius=&#8221;none&#8221; column_link_target=&#8221;_self&#8221; column_position=&#8221;default&#8221; gradient_direction=&#8221;left_to_right&#8221; overlay_strength=&#8221;0.3&#8243; width=&#8221;1\/3&#8243; tablet_width_inherit=&#8221;default&#8221; animation_type=&#8221;default&#8221; bg_image_animation=&#8221;none&#8221; border_type=&#8221;simple&#8221; column_border_width=&#8221;none&#8221; column_border_style=&#8221;solid&#8221;][vc_custom_heading text=&#8221;Tem alguma d\u00favida?&#8221; font_container=&#8221;tag:h5|font_size:16|text_align:left|color:%230a0a0a&#8221; google_fonts=&#8221;font_family:Montserrat%3Aregular%2C700|font_style:700%20bold%20regular%3A700%3Anormal&#8221;][vc_column_text css=&#8221;.vc_custom_1679340860510{margin-bottom: 40px !important;}&#8221;]Todas as informa\u00e7\u00f5es relativas \u00e0s nossas pe\u00e7as constam desta p\u00e1gina. Contudo se surgir alguma d\u00favida por favor entre em contacto connosco, a nossa equipa est\u00e1 dispon\u00edvel para ajudar e esclarecer todas as d\u00favidas.[\/vc_column_text][nectar_btn size=&#8221;large&#8221; button_style=&#8221;regular&#8221; button_color_2=&#8221;Accent-Color&#8221; color_override=&#8221;#c3543e&#8221; icon_family=&#8221;none&#8221; url=&#8221;https:\/\/fusis.pt\/contactos&#8221; text=&#8221;Contacte-nos&#8221;][\/vc_column][\/vc_row]\n","protected":false},"excerpt":{"rendered":"<p>[vc_row type=&#8221;full_width_content&#8221; full_screen_row_position=&#8221;middle&#8221; column_margin=&#8221;default&#8221; column_direction=&#8221;default&#8221; column_direction_tablet=&#8221;default&#8221; column_direction_phone=&#8221;default&#8221; bg_image=&#8221;5866&#8243; bg_position=&#8221;center center&#8221; background_image_loading=&#8221;default&#8221; bg_repeat=&#8221;no-repeat&#8221; scene_position=&#8221;center&#8221; top_padding=&#8221;14%&#8221; bottom_padding=&#8221;12%&#8221; text_color=&#8221;light&#8221; text_align=&#8221;left&#8221; row_border_radius=&#8221;none&#8221; row_border_radius_applies=&#8221;bg&#8221; overflow=&#8221;visible&#8221; color_overlay=&#8221;rgba(10,10,10,0.8)&#8221; overlay_strength=&#8221;0.3&#8243; gradient_direction=&#8221;left_to_right&#8221; shape_divider_position=&#8221;bottom&#8221; bg_image_animation=&#8221;none&#8221;&#8230;<\/p>\n","protected":false},"author":1,"featured_media":0,"parent":0,"menu_order":0,"comment_status":"closed","ping_status":"closed","template":"","meta":{"footnotes":""},"class_list":["post-6083","page","type-page","status-publish"],"_links":{"self":[{"href":"https:\/\/fusis.pt\/index.php?rest_route=\/wp\/v2\/pages\/6083","targetHints":{"allow":["GET"]}}],"collection":[{"href":"https:\/\/fusis.pt\/index.php?rest_route=\/wp\/v2\/pages"}],"about":[{"href":"https:\/\/fusis.pt\/index.php?rest_route=\/wp\/v2\/types\/page"}],"author":[{"embeddable":true,"href":"https:\/\/fusis.pt\/index.php?rest_route=\/wp\/v2\/users\/1"}],"replies":[{"embeddable":true,"href":"https:\/\/fusis.pt\/index.php?rest_route=%2Fwp%2Fv2%2Fcomments&post=6083"}],"version-history":[{"count":3,"href":"https:\/\/fusis.pt\/index.php?rest_route=\/wp\/v2\/pages\/6083\/revisions"}],"predecessor-version":[{"id":6086,"href":"https:\/\/fusis.pt\/index.php?rest_route=\/wp\/v2\/pages\/6083\/revisions\/6086"}],"wp:attachment":[{"href":"https:\/\/fusis.pt\/index.php?rest_route=%2Fwp%2Fv2%2Fmedia&parent=6083"}],"curies":[{"name":"wp","href":"https:\/\/api.w.org\/{rel}","templated":true}]}}