{"id":1450,"date":"2021-02-14T04:11:42","date_gmt":"2021-02-14T04:11:42","guid":{"rendered":"http:\/\/themenectar.com\/demo\/salient-ecommerce-robust\/?post_type=product&#038;p=1450"},"modified":"2025-05-06T09:34:05","modified_gmt":"2025-05-06T09:34:05","slug":"starsrainnecklace","status":"publish","type":"product","link":"https:\/\/fusis.pt\/?product=starsrainnecklace","title":{"rendered":"Colar Stars Rain"},"content":{"rendered":"","protected":false},"excerpt":{"rendered":"<p><em>Na cole\u00e7\u00e3o Constelattion os relevos\u00a0 s\u00e3o trabalhados isoladamente de forma a real\u00e7ar a beleza e brilho das pe\u00e7as.<\/em><\/p>\n<p>Colar em Prata 925 plaqueado a ouro, com 3 pendentes e 4 p\u00e9rolas cultivadas, com ~1-3mm, enfiadas a ter\u00e7o.<\/p>\n<p>Nota: As p\u00e9rolas cultivadas s\u00e3o naturais e a cor, forma e tamanho podem variar.<\/p>\n","protected":false},"featured_media":6002,"template":"","meta":[],"product_brand":[],"product_cat":[57,54],"product_tag":[],"class_list":{"0":"post-1450","1":"product","2":"type-product","3":"status-publish","4":"has-post-thumbnail","6":"product_cat-colares","7":"product_cat-constellation-collection","9":"first","10":"instock","11":"shipping-taxable","12":"purchasable","13":"product-type-simple"},"_links":{"self":[{"href":"https:\/\/fusis.pt\/index.php?rest_route=\/wp\/v2\/product\/1450","targetHints":{"allow":["GET"]}}],"collection":[{"href":"https:\/\/fusis.pt\/index.php?rest_route=\/wp\/v2\/product"}],"about":[{"href":"https:\/\/fusis.pt\/index.php?rest_route=\/wp\/v2\/types\/product"}],"wp:featuredmedia":[{"embeddable":true,"href":"https:\/\/fusis.pt\/index.php?rest_route=\/wp\/v2\/media\/6002"}],"wp:attachment":[{"href":"https:\/\/fusis.pt\/index.php?rest_route=%2Fwp%2Fv2%2Fmedia&parent=1450"}],"wp:term":[{"taxonomy":"product_brand","embeddable":true,"href":"https:\/\/fusis.pt\/index.php?rest_route=%2Fwp%2Fv2%2Fproduct_brand&post=1450"},{"taxonomy":"product_cat","embeddable":true,"href":"https:\/\/fusis.pt\/index.php?rest_route=%2Fwp%2Fv2%2Fproduct_cat&post=1450"},{"taxonomy":"product_tag","embeddable":true,"href":"https:\/\/fusis.pt\/index.php?rest_route=%2Fwp%2Fv2%2Fproduct_tag&post=1450"}],"curies":[{"name":"wp","href":"https:\/\/api.w.org\/{rel}","templated":true}]}}