{"id":1475,"date":"2021-02-14T19:38:23","date_gmt":"2021-02-14T19:38:23","guid":{"rendered":"http:\/\/themenectar.com\/demo\/salient-ecommerce-robust\/?post_type=product&#038;p=1475"},"modified":"2025-05-06T09:10:22","modified_gmt":"2025-05-06T09:10:22","slug":"orbitearrings","status":"publish","type":"product","link":"https:\/\/fusis.pt\/?product=orbitearrings","title":{"rendered":"Brincos Orbit"},"content":{"rendered":"","protected":false},"excerpt":{"rendered":"<div class=\"gmail_signature\" dir=\"ltr\" data-smartmail=\"gmail_signature\">\n<p><em>Na cole\u00e7\u00e3o Constelattion os relevos\u00a0 s\u00e3o trabalhados isoladamente de forma a real\u00e7ar a beleza e brilho das pe\u00e7as.<\/em><\/p>\n<p>Brincos em Prata 925 plaqueado a ouro.<\/p>\n<\/div>\n","protected":false},"featured_media":6186,"template":"","meta":[],"product_brand":[],"product_cat":[56,54],"product_tag":[],"class_list":{"0":"post-1475","1":"product","2":"type-product","3":"status-publish","4":"has-post-thumbnail","6":"product_cat-brincos","7":"product_cat-constellation-collection","9":"first","10":"instock","11":"shipping-taxable","12":"purchasable","13":"product-type-simple"},"_links":{"self":[{"href":"https:\/\/fusis.pt\/index.php?rest_route=\/wp\/v2\/product\/1475","targetHints":{"allow":["GET"]}}],"collection":[{"href":"https:\/\/fusis.pt\/index.php?rest_route=\/wp\/v2\/product"}],"about":[{"href":"https:\/\/fusis.pt\/index.php?rest_route=\/wp\/v2\/types\/product"}],"wp:featuredmedia":[{"embeddable":true,"href":"https:\/\/fusis.pt\/index.php?rest_route=\/wp\/v2\/media\/6186"}],"wp:attachment":[{"href":"https:\/\/fusis.pt\/index.php?rest_route=%2Fwp%2Fv2%2Fmedia&parent=1475"}],"wp:term":[{"taxonomy":"product_brand","embeddable":true,"href":"https:\/\/fusis.pt\/index.php?rest_route=%2Fwp%2Fv2%2Fproduct_brand&post=1475"},{"taxonomy":"product_cat","embeddable":true,"href":"https:\/\/fusis.pt\/index.php?rest_route=%2Fwp%2Fv2%2Fproduct_cat&post=1475"},{"taxonomy":"product_tag","embeddable":true,"href":"https:\/\/fusis.pt\/index.php?rest_route=%2Fwp%2Fv2%2Fproduct_tag&post=1475"}],"curies":[{"name":"wp","href":"https:\/\/api.w.org\/{rel}","templated":true}]}}