{"id":56,"date":"2018-08-01T20:20:30","date_gmt":"2018-08-01T20:20:30","guid":{"rendered":"http:\/\/themenectar.com\/demo\/salient-ecommerce-ultimate\/index.php\/product\/import-placeholder-for-60\/"},"modified":"2025-05-06T09:53:51","modified_gmt":"2025-05-06T09:53:51","slug":"tiaraearrings","status":"publish","type":"product","link":"https:\/\/fusis.pt\/?product=tiaraearrings","title":{"rendered":"Brincos Tiara"},"content":{"rendered":"","protected":false},"excerpt":{"rendered":"<p><em>Cole\u00e7\u00e3o caracterizada pelo requinte e simplicidade. Perfeito para que quer passar despercebido mas ao mesmo tempo n\u00e3o abdica da exig\u00eancia dos pormenores de uma pe\u00e7a de joalharia contempor\u00e2nea. Cheia de curvas onde s\u00e3o cravadas zirc\u00f3nias numa caixa desenhada e lapidada lateralmente por forma a real\u00e7ar o brilho das pedras.<\/em><\/p>\n<div class=\"gmail_signature\" dir=\"ltr\" data-smartmail=\"gmail_signature\">\n<p>Brincos em Prata 925 plaqueado a ouro com 18 zirc\u00f3nias\/par.<\/p>\n<\/div>\n","protected":false},"featured_media":6195,"template":"","meta":[],"product_brand":[],"product_cat":[56,55],"product_tag":[],"class_list":{"0":"post-56","1":"product","2":"type-product","3":"status-publish","4":"has-post-thumbnail","6":"product_cat-brincos","7":"product_cat-tiara-collection","9":"first","10":"instock","11":"shipping-taxable","12":"purchasable","13":"product-type-variable"},"_links":{"self":[{"href":"https:\/\/fusis.pt\/index.php?rest_route=\/wp\/v2\/product\/56","targetHints":{"allow":["GET"]}}],"collection":[{"href":"https:\/\/fusis.pt\/index.php?rest_route=\/wp\/v2\/product"}],"about":[{"href":"https:\/\/fusis.pt\/index.php?rest_route=\/wp\/v2\/types\/product"}],"wp:featuredmedia":[{"embeddable":true,"href":"https:\/\/fusis.pt\/index.php?rest_route=\/wp\/v2\/media\/6195"}],"wp:attachment":[{"href":"https:\/\/fusis.pt\/index.php?rest_route=%2Fwp%2Fv2%2Fmedia&parent=56"}],"wp:term":[{"taxonomy":"product_brand","embeddable":true,"href":"https:\/\/fusis.pt\/index.php?rest_route=%2Fwp%2Fv2%2Fproduct_brand&post=56"},{"taxonomy":"product_cat","embeddable":true,"href":"https:\/\/fusis.pt\/index.php?rest_route=%2Fwp%2Fv2%2Fproduct_cat&post=56"},{"taxonomy":"product_tag","embeddable":true,"href":"https:\/\/fusis.pt\/index.php?rest_route=%2Fwp%2Fv2%2Fproduct_tag&post=56"}],"curies":[{"name":"wp","href":"https:\/\/api.w.org\/{rel}","templated":true}]}}