{"id":59,"date":"2018-08-01T20:20:31","date_gmt":"2018-08-01T20:20:31","guid":{"rendered":"http:\/\/themenectar.com\/demo\/salient-ecommerce-ultimate\/index.php\/product\/import-placeholder-for-66\/"},"modified":"2025-05-06T09:53:20","modified_gmt":"2025-05-06T09:53:20","slug":"tiararing","status":"publish","type":"product","link":"https:\/\/fusis.pt\/?product=tiararing","title":{"rendered":"Anel Tiara"},"content":{"rendered":"","protected":false},"excerpt":{"rendered":"<p><em>Cole\u00e7\u00e3o caracterizada pelo requinte e simplicidade. Perfeito para que quer passar despercebido mas ao mesmo tempo n\u00e3o abdica da exig\u00eancia dos pormenores de uma pe\u00e7a de joalharia contempor\u00e2nea. Cheia de curvas onde s\u00e3o cravadas zirc\u00f3nias numa caixa desenhada e lapidada lateralmente por forma a real\u00e7ar o brilho das pedras.<\/em><\/p>\n<div class=\"gmail_signature\" dir=\"ltr\" data-smartmail=\"gmail_signature\">\n<p>Anel em Prata 925 plaqueado a ouro com 21 zirc\u00f3nias.<\/p>\n<\/div>\n<div dir=\"ltr\" data-smartmail=\"gmail_signature\"><em>A Fusis prima pela individualidade e conforto das suas pe\u00e7as e pela comodidade para os nossos clientes. A maioria dos nossos an\u00e9is da marca s\u00e3o feitos por medida.<\/em><\/div>\n","protected":false},"featured_media":6034,"template":"","meta":[],"product_brand":[],"product_cat":[59,55],"product_tag":[],"class_list":{"0":"post-59","1":"product","2":"type-product","3":"status-publish","4":"has-post-thumbnail","6":"product_cat-aneis","7":"product_cat-tiara-collection","9":"first","10":"instock","11":"shipping-taxable","12":"purchasable","13":"product-type-variable"},"_links":{"self":[{"href":"https:\/\/fusis.pt\/index.php?rest_route=\/wp\/v2\/product\/59","targetHints":{"allow":["GET"]}}],"collection":[{"href":"https:\/\/fusis.pt\/index.php?rest_route=\/wp\/v2\/product"}],"about":[{"href":"https:\/\/fusis.pt\/index.php?rest_route=\/wp\/v2\/types\/product"}],"wp:featuredmedia":[{"embeddable":true,"href":"https:\/\/fusis.pt\/index.php?rest_route=\/wp\/v2\/media\/6034"}],"wp:attachment":[{"href":"https:\/\/fusis.pt\/index.php?rest_route=%2Fwp%2Fv2%2Fmedia&parent=59"}],"wp:term":[{"taxonomy":"product_brand","embeddable":true,"href":"https:\/\/fusis.pt\/index.php?rest_route=%2Fwp%2Fv2%2Fproduct_brand&post=59"},{"taxonomy":"product_cat","embeddable":true,"href":"https:\/\/fusis.pt\/index.php?rest_route=%2Fwp%2Fv2%2Fproduct_cat&post=59"},{"taxonomy":"product_tag","embeddable":true,"href":"https:\/\/fusis.pt\/index.php?rest_route=%2Fwp%2Fv2%2Fproduct_tag&post=59"}],"curies":[{"name":"wp","href":"https:\/\/api.w.org\/{rel}","templated":true}]}}