{"id":597,"date":"2020-12-08T22:28:57","date_gmt":"2020-12-08T22:28:57","guid":{"rendered":"http:\/\/themenectar.com\/demo\/salient-ecommerce-robust\/?post_type=product&#038;p=597"},"modified":"2025-05-06T09:36:29","modified_gmt":"2025-05-06T09:36:29","slug":"starryskybracelet","status":"publish","type":"product","link":"https:\/\/fusis.pt\/?product=starryskybracelet","title":{"rendered":"Escrava Starry Sky"},"content":{"rendered":"","protected":false},"excerpt":{"rendered":"<p>Escrava em prata dourada.<\/p>\n<p>Por favor indique nos coment\u00e1rios \u00e0 encomenda o tamanho do pulso, pode consultar as instru\u00e7\u00f5es <a href=\"https:\/\/fusis.pt\/guia-de-tamanhos\/\">aqui<\/a>.<\/p>\n<p><img loading=\"lazy\" decoding=\"async\" class=\"alignnone size-medium wp-image-6180\" src=\"http:\/\/fusis.pt\/wp-content\/uploads\/2023\/05\/fusis_sizeguide-300x178.jpg\" alt=\"\" width=\"300\" height=\"178\" srcset=\"https:\/\/fusis.pt\/wp-content\/uploads\/2023\/05\/fusis_sizeguide-300x178.jpg 300w, https:\/\/fusis.pt\/wp-content\/uploads\/2023\/05\/fusis_sizeguide-1024x609.jpg 1024w, https:\/\/fusis.pt\/wp-content\/uploads\/2023\/05\/fusis_sizeguide-768x456.jpg 768w, https:\/\/fusis.pt\/wp-content\/uploads\/2023\/05\/fusis_sizeguide-600x357.jpg 600w, https:\/\/fusis.pt\/wp-content\/uploads\/2023\/05\/fusis_sizeguide.jpg 1252w\" sizes=\"auto, (max-width: 300px) 100vw, 300px\" \/><\/p>\n","protected":false},"featured_media":5951,"template":"","meta":[],"product_brand":[],"product_cat":[54,58],"product_tag":[],"class_list":{"0":"post-597","1":"product","2":"type-product","3":"status-publish","4":"has-post-thumbnail","6":"product_cat-constellation-collection","7":"product_cat-pulseiras","8":"no-stock-notices","10":"first","11":"outofstock","12":"shipping-taxable","13":"purchasable","14":"product-type-simple"},"_links":{"self":[{"href":"https:\/\/fusis.pt\/index.php?rest_route=\/wp\/v2\/product\/597","targetHints":{"allow":["GET"]}}],"collection":[{"href":"https:\/\/fusis.pt\/index.php?rest_route=\/wp\/v2\/product"}],"about":[{"href":"https:\/\/fusis.pt\/index.php?rest_route=\/wp\/v2\/types\/product"}],"wp:featuredmedia":[{"embeddable":true,"href":"https:\/\/fusis.pt\/index.php?rest_route=\/wp\/v2\/media\/5951"}],"wp:attachment":[{"href":"https:\/\/fusis.pt\/index.php?rest_route=%2Fwp%2Fv2%2Fmedia&parent=597"}],"wp:term":[{"taxonomy":"product_brand","embeddable":true,"href":"https:\/\/fusis.pt\/index.php?rest_route=%2Fwp%2Fv2%2Fproduct_brand&post=597"},{"taxonomy":"product_cat","embeddable":true,"href":"https:\/\/fusis.pt\/index.php?rest_route=%2Fwp%2Fv2%2Fproduct_cat&post=597"},{"taxonomy":"product_tag","embeddable":true,"href":"https:\/\/fusis.pt\/index.php?rest_route=%2Fwp%2Fv2%2Fproduct_tag&post=597"}],"curies":[{"name":"wp","href":"https:\/\/api.w.org\/{rel}","templated":true}]}}