{"id":609,"date":"2020-12-08T22:45:33","date_gmt":"2020-12-08T22:45:33","guid":{"rendered":"http:\/\/themenectar.com\/demo\/salient-ecommerce-robust\/?post_type=product&#038;p=609"},"modified":"2025-05-06T09:35:08","modified_gmt":"2025-05-06T09:35:08","slug":"sunshinenecklace","status":"publish","type":"product","link":"https:\/\/fusis.pt\/?product=sunshinenecklace","title":{"rendered":"Colar Sunshine"},"content":{"rendered":"","protected":false},"excerpt":{"rendered":"<p><em>Na cole\u00e7\u00e3o Constelattion os relevos\u00a0 s\u00e3o trabalhados isoladamente de forma a real\u00e7ar a beleza e brilho das pe\u00e7as.<\/em><\/p>\n<p>Colar articulado em Prata 925 plaqueado a ouro, que integra os movimentos de cada pessoa ajustando como se fosse uma 2\u00aa camada din\u00e2mica.<\/p>\n","protected":false},"featured_media":6004,"template":"","meta":[],"product_brand":[],"product_cat":[57,54],"product_tag":[],"class_list":{"0":"post-609","1":"product","2":"type-product","3":"status-publish","4":"has-post-thumbnail","6":"product_cat-colares","7":"product_cat-constellation-collection","8":"no-stock-notices","10":"first","11":"outofstock","12":"shipping-taxable","13":"purchasable","14":"product-type-simple"},"_links":{"self":[{"href":"https:\/\/fusis.pt\/index.php?rest_route=\/wp\/v2\/product\/609","targetHints":{"allow":["GET"]}}],"collection":[{"href":"https:\/\/fusis.pt\/index.php?rest_route=\/wp\/v2\/product"}],"about":[{"href":"https:\/\/fusis.pt\/index.php?rest_route=\/wp\/v2\/types\/product"}],"wp:featuredmedia":[{"embeddable":true,"href":"https:\/\/fusis.pt\/index.php?rest_route=\/wp\/v2\/media\/6004"}],"wp:attachment":[{"href":"https:\/\/fusis.pt\/index.php?rest_route=%2Fwp%2Fv2%2Fmedia&parent=609"}],"wp:term":[{"taxonomy":"product_brand","embeddable":true,"href":"https:\/\/fusis.pt\/index.php?rest_route=%2Fwp%2Fv2%2Fproduct_brand&post=609"},{"taxonomy":"product_cat","embeddable":true,"href":"https:\/\/fusis.pt\/index.php?rest_route=%2Fwp%2Fv2%2Fproduct_cat&post=609"},{"taxonomy":"product_tag","embeddable":true,"href":"https:\/\/fusis.pt\/index.php?rest_route=%2Fwp%2Fv2%2Fproduct_tag&post=609"}],"curies":[{"name":"wp","href":"https:\/\/api.w.org\/{rel}","templated":true}]}}