{"id":62,"date":"2018-08-01T20:20:32","date_gmt":"2018-08-01T20:20:32","guid":{"rendered":"http:\/\/themenectar.com\/demo\/salient-ecommerce-ultimate\/index.php\/product\/import-placeholder-for-73\/"},"modified":"2025-05-06T10:07:45","modified_gmt":"2025-05-06T10:07:45","slug":"starryskyring","status":"publish","type":"product","link":"https:\/\/fusis.pt\/?product=starryskyring","title":{"rendered":"Anel Starry Sky"},"content":{"rendered":"","protected":false},"excerpt":{"rendered":"<div class=\"gmail_signature\" dir=\"ltr\" data-smartmail=\"gmail_signature\">\n<p><em>Na cole\u00e7\u00e3o Constelattion os relevos\u00a0 s\u00e3o trabalhados isoladamente de forma a real\u00e7ar a beleza e brilho das pe\u00e7as.<\/em><\/p>\n<p>Anel em Prata 925 plaqueado a ouro.<\/p>\n<\/div>\n<div dir=\"ltr\" data-smartmail=\"gmail_signature\"><\/div>\n<div dir=\"ltr\" data-smartmail=\"gmail_signature\"><em>A Fusis prima pela individualidade e conforto das suas pe\u00e7as e pela comodidade para os nossos clientes. A maioria dos nossos an\u00e9is da marca s\u00e3o feitos por medida.<\/em><\/div>\n<div dir=\"ltr\" data-smartmail=\"gmail_signature\"><\/div>\n<div dir=\"ltr\" data-smartmail=\"gmail_signature\"><em>O anel Starry Sky apesar de puder ser ajust\u00e1vel, j\u00e1 \u00e9 enviado no medida certa para cada cliente.<\/em><\/div>\n","protected":false},"featured_media":6022,"template":"","meta":[],"product_brand":[],"product_cat":[59,54],"product_tag":[],"class_list":{"0":"post-62","1":"product","2":"type-product","3":"status-publish","4":"has-post-thumbnail","6":"product_cat-aneis","7":"product_cat-constellation-collection","9":"first","10":"instock","11":"shipping-taxable","12":"purchasable","13":"product-type-variable"},"_links":{"self":[{"href":"https:\/\/fusis.pt\/index.php?rest_route=\/wp\/v2\/product\/62","targetHints":{"allow":["GET"]}}],"collection":[{"href":"https:\/\/fusis.pt\/index.php?rest_route=\/wp\/v2\/product"}],"about":[{"href":"https:\/\/fusis.pt\/index.php?rest_route=\/wp\/v2\/types\/product"}],"wp:featuredmedia":[{"embeddable":true,"href":"https:\/\/fusis.pt\/index.php?rest_route=\/wp\/v2\/media\/6022"}],"wp:attachment":[{"href":"https:\/\/fusis.pt\/index.php?rest_route=%2Fwp%2Fv2%2Fmedia&parent=62"}],"wp:term":[{"taxonomy":"product_brand","embeddable":true,"href":"https:\/\/fusis.pt\/index.php?rest_route=%2Fwp%2Fv2%2Fproduct_brand&post=62"},{"taxonomy":"product_cat","embeddable":true,"href":"https:\/\/fusis.pt\/index.php?rest_route=%2Fwp%2Fv2%2Fproduct_cat&post=62"},{"taxonomy":"product_tag","embeddable":true,"href":"https:\/\/fusis.pt\/index.php?rest_route=%2Fwp%2Fv2%2Fproduct_tag&post=62"}],"curies":[{"name":"wp","href":"https:\/\/api.w.org\/{rel}","templated":true}]}}